{"id":753,"date":"2022-11-25T07:44:30","date_gmt":"2022-11-25T07:44:30","guid":{"rendered":"http:\/\/jobsolutions.com.mx\/bolsa-de-empleo\/?page_id=753"},"modified":"2022-11-25T08:18:41","modified_gmt":"2022-11-25T08:18:41","slug":"otros-servicios","status":"publish","type":"page","link":"https:\/\/jobsolutions.com.mx\/es\/otros-servicios\/","title":{"rendered":"Otros Servicios"},"content":{"rendered":"\t\t<div data-elementor-type=\"wp-page\" data-elementor-id=\"753\" class=\"elementor elementor-753\">\n\t\t\t\t\t\t<section class=\"elementor-section elementor-top-section elementor-element elementor-element-37b1dae elementor-section-boxed elementor-section-height-default elementor-section-height-default\" data-id=\"37b1dae\" data-element_type=\"section\" data-e-type=\"section\" data-settings=\"{&quot;background_background&quot;:&quot;classic&quot;}\">\n\t\t\t\t\t\t<div class=\"elementor-container elementor-column-gap-default\">\n\t\t\t\t\t<div class=\"elementor-column elementor-col-50 elementor-top-column elementor-element elementor-element-3d1796b elementor-invisible\" data-id=\"3d1796b\" data-element_type=\"column\" data-e-type=\"column\" data-settings=\"{&quot;animation&quot;:&quot;fadeInLeft&quot;}\">\n\t\t\t<div class=\"elementor-widget-wrap elementor-element-populated\">\n\t\t\t\t\t\t<div class=\"elementor-element elementor-element-f2421a9 elementor-widget elementor-widget-heading\" data-id=\"f2421a9\" data-element_type=\"widget\" data-e-type=\"widget\" data-widget_type=\"heading.default\">\n\t\t\t\t<div class=\"elementor-widget-container\">\n\t\t\t\t\t<h2 class=\"elementor-heading-title elementor-size-default\">Otros <br>Servicios<\/h2>\t\t\t\t<\/div>\n\t\t\t\t<\/div>\n\t\t\t\t\t<\/div>\n\t\t<\/div>\n\t\t\t\t<div class=\"elementor-column elementor-col-50 elementor-top-column elementor-element elementor-element-27da56f elementor-invisible\" data-id=\"27da56f\" data-element_type=\"column\" data-e-type=\"column\" data-settings=\"{&quot;animation&quot;:&quot;fadeInRight&quot;}\">\n\t\t\t<div class=\"elementor-widget-wrap elementor-element-populated\">\n\t\t\t\t\t\t<div class=\"elementor-element elementor-element-837dd31 elementor-widget elementor-widget-image\" data-id=\"837dd31\" data-element_type=\"widget\" data-e-type=\"widget\" data-widget_type=\"image.default\">\n\t\t\t\t<div class=\"elementor-widget-container\">\n\t\t\t\t\t\t\t\t\t\t\t\t\t\t\t<img fetchpriority=\"high\" decoding=\"async\" width=\"415\" height=\"422\" src=\"https:\/\/jobsolutions.com.mx\/es\/wp-content\/uploads\/2022\/11\/business-girl-header-nosotros.png\" class=\"attachment-large size-large wp-image-345\" alt=\"\" srcset=\"https:\/\/jobsolutions.com.mx\/es\/wp-content\/uploads\/2022\/11\/business-girl-header-nosotros.png 415w, https:\/\/jobsolutions.com.mx\/es\/wp-content\/uploads\/2022\/11\/business-girl-header-nosotros-295x300.png 295w\" sizes=\"(max-width: 415px) 100vw, 415px\" \/>\t\t\t\t\t\t\t\t\t\t\t\t\t\t\t<\/div>\n\t\t\t\t<\/div>\n\t\t\t\t\t<\/div>\n\t\t<\/div>\n\t\t\t\t\t<\/div>\n\t\t<\/section>\n\t\t\t\t<section class=\"elementor-section elementor-top-section elementor-element elementor-element-3240b8f animated-slow elementor-section-boxed elementor-section-height-default elementor-section-height-default elementor-invisible\" data-id=\"3240b8f\" data-element_type=\"section\" data-e-type=\"section\" data-settings=\"{&quot;background_background&quot;:&quot;classic&quot;,&quot;animation&quot;:&quot;fadeInUp&quot;}\">\n\t\t\t\t\t\t\t<div class=\"elementor-background-overlay\"><\/div>\n\t\t\t\t\t\t\t<div class=\"elementor-container elementor-column-gap-default\">\n\t\t\t\t\t<div class=\"elementor-column elementor-col-100 elementor-top-column elementor-element elementor-element-db40396\" data-id=\"db40396\" data-element_type=\"column\" data-e-type=\"column\">\n\t\t\t<div class=\"elementor-widget-wrap elementor-element-populated\">\n\t\t\t\t\t\t<div class=\"elementor-element elementor-element-6f9ebaa elementor-widget elementor-widget-accordion\" data-id=\"6f9ebaa\" data-element_type=\"widget\" data-e-type=\"widget\" data-widget_type=\"accordion.default\">\n\t\t\t\t<div class=\"elementor-widget-container\">\n\t\t\t\t\t\t\t<div class=\"elementor-accordion\">\n\t\t\t\t\t\t\t<div class=\"elementor-accordion-item\">\n\t\t\t\t\t<div id=\"elementor-tab-title-1171\" class=\"elementor-tab-title\" data-tab=\"1\" role=\"button\" aria-controls=\"elementor-tab-content-1171\" aria-expanded=\"false\">\n\t\t\t\t\t\t\t\t\t\t\t\t\t<span class=\"elementor-accordion-icon elementor-accordion-icon-right\" aria-hidden=\"true\">\n\t\t\t\t\t\t\t\t\t\t\t\t\t\t\t<span class=\"elementor-accordion-icon-closed\"><i class=\"fas fa-angle-down\"><\/i><\/span>\n\t\t\t\t\t\t\t\t<span class=\"elementor-accordion-icon-opened\"><i class=\"fas fa-angle-up\"><\/i><\/span>\n\t\t\t\t\t\t\t\t\t\t\t\t\t\t<\/span>\n\t\t\t\t\t\t\t\t\t\t\t\t<a class=\"elementor-accordion-title\" tabindex=\"0\">Servicios y Tr\u00e1mites Migratorios<\/a>\n\t\t\t\t\t<\/div>\n\t\t\t\t\t<div id=\"elementor-tab-content-1171\" class=\"elementor-tab-content elementor-clearfix\" data-tab=\"1\" role=\"region\" aria-labelledby=\"elementor-tab-title-1171\"><p>Job Solutions se encarga de los requisitos legales para la estancia del personal extranjero en M\u00e9xico, y al mismo tiempo cumple con las leyes de inmigraci\u00f3n en el lugar donde se realiza el trabajo con el personal extranjero, por tanto, ofrece:<\/p><ul><li>Manejo de tr\u00e1mites migratorios para la estancia legal del extranjero en el pa\u00eds.<\/li><li>Manejo de los tr\u00e1mites correspondientes ante la autoridad de inmigraci\u00f3n.<\/li><li>Proceso de visa de trabajo para laborar en M\u00e9xico.<\/li><li>Manejo de extensiones y renovaciones migratorias.<\/li><li>Realizaci\u00f3n de inspecciones y\/o cualquier otro requisito indicado por la Autoridad de Inmigraci\u00f3n.<\/li><\/ul><\/div>\n\t\t\t\t<\/div>\n\t\t\t\t\t\t\t<div class=\"elementor-accordion-item\">\n\t\t\t\t\t<div id=\"elementor-tab-title-1172\" class=\"elementor-tab-title\" data-tab=\"2\" role=\"button\" aria-controls=\"elementor-tab-content-1172\" aria-expanded=\"false\">\n\t\t\t\t\t\t\t\t\t\t\t\t\t<span class=\"elementor-accordion-icon elementor-accordion-icon-right\" aria-hidden=\"true\">\n\t\t\t\t\t\t\t\t\t\t\t\t\t\t\t<span class=\"elementor-accordion-icon-closed\"><i class=\"fas fa-angle-down\"><\/i><\/span>\n\t\t\t\t\t\t\t\t<span class=\"elementor-accordion-icon-opened\"><i class=\"fas fa-angle-up\"><\/i><\/span>\n\t\t\t\t\t\t\t\t\t\t\t\t\t\t<\/span>\n\t\t\t\t\t\t\t\t\t\t\t\t<a class=\"elementor-accordion-title\" tabindex=\"0\">Evaluaciones Psicom\u00e9tricas<\/a>\n\t\t\t\t\t<\/div>\n\t\t\t\t\t<div id=\"elementor-tab-content-1172\" class=\"elementor-tab-content elementor-clearfix\" data-tab=\"2\" role=\"region\" aria-labelledby=\"elementor-tab-title-1172\"><p>Este servicio permite aplicar e interpretar evaluaciones psicom\u00e9tricas con el objetivo de diagnosticar al personal tanto interno como externo de la organizaci\u00f3n, en cualquier tama\u00f1o de empresa para poder realizar posteriormente procesos de selecci\u00f3n de personal o actividades de desarrollo humano. Cada evaluaci\u00f3n es de manera automatizada en l\u00ednea y se lleva a cabo a nivel individual y contempla la posibilidad de resultados de comportamiento, personalidad, intereses y valores. Este servicio cuenta con m\u00faltiples evaluaciones que permiten proyectar competencias del personal con un nivel alto de confiabilidad.<\/p><\/div>\n\t\t\t\t<\/div>\n\t\t\t\t\t\t\t<div class=\"elementor-accordion-item\">\n\t\t\t\t\t<div id=\"elementor-tab-title-1173\" class=\"elementor-tab-title\" data-tab=\"3\" role=\"button\" aria-controls=\"elementor-tab-content-1173\" aria-expanded=\"false\">\n\t\t\t\t\t\t\t\t\t\t\t\t\t<span class=\"elementor-accordion-icon elementor-accordion-icon-right\" aria-hidden=\"true\">\n\t\t\t\t\t\t\t\t\t\t\t\t\t\t\t<span class=\"elementor-accordion-icon-closed\"><i class=\"fas fa-angle-down\"><\/i><\/span>\n\t\t\t\t\t\t\t\t<span class=\"elementor-accordion-icon-opened\"><i class=\"fas fa-angle-up\"><\/i><\/span>\n\t\t\t\t\t\t\t\t\t\t\t\t\t\t<\/span>\n\t\t\t\t\t\t\t\t\t\t\t\t<a class=\"elementor-accordion-title\" tabindex=\"0\">Estudios Socioecon\u00f3micos<\/a>\n\t\t\t\t\t<\/div>\n\t\t\t\t\t<div id=\"elementor-tab-content-1173\" class=\"elementor-tab-content elementor-clearfix\" data-tab=\"3\" role=\"region\" aria-labelledby=\"elementor-tab-title-1173\"><p>Nuestro servicio permite verificar la certeza de la informaci\u00f3n de los candidatos y\/o del personal acorde a los datos contenidos en el CV o datos referidos, para poder tener procesos de selecci\u00f3n m\u00e1s exactos previo a la contrataci\u00f3n y procesos de RH m\u00e1s completos y confiables para las empresas.<\/p><p><br \/>\u00bfQu\u00e9 ofrece nuestro servicio?<\/p><ul><li>Cobertura Nacional<\/li><li>Entrega de resultados en m\u00e1ximo 3 d\u00edas<\/li><li>Informaci\u00f3n veraz y confiable<\/li><li>Investigaci\u00f3n de referencias laborales previas de cada candidato<\/li><\/ul><\/div>\n\t\t\t\t<\/div>\n\t\t\t\t\t\t\t<div class=\"elementor-accordion-item\">\n\t\t\t\t\t<div id=\"elementor-tab-title-1174\" class=\"elementor-tab-title\" data-tab=\"4\" role=\"button\" aria-controls=\"elementor-tab-content-1174\" aria-expanded=\"false\">\n\t\t\t\t\t\t\t\t\t\t\t\t\t<span class=\"elementor-accordion-icon elementor-accordion-icon-right\" aria-hidden=\"true\">\n\t\t\t\t\t\t\t\t\t\t\t\t\t\t\t<span class=\"elementor-accordion-icon-closed\"><i class=\"fas fa-angle-down\"><\/i><\/span>\n\t\t\t\t\t\t\t\t<span class=\"elementor-accordion-icon-opened\"><i class=\"fas fa-angle-up\"><\/i><\/span>\n\t\t\t\t\t\t\t\t\t\t\t\t\t\t<\/span>\n\t\t\t\t\t\t\t\t\t\t\t\t<a class=\"elementor-accordion-title\" tabindex=\"0\">Reclutamiento a Gran Escala<\/a>\n\t\t\t\t\t<\/div>\n\t\t\t\t\t<div id=\"elementor-tab-content-1174\" class=\"elementor-tab-content elementor-clearfix\" data-tab=\"4\" role=\"region\" aria-labelledby=\"elementor-tab-title-1174\"><p>La necesidad de algunas empresas para contratar m\u00e1s personal durante temporadas de alta demanda o donde los procesos productivos requieren la intervenci\u00f3n de mayor fuerza laboral, implica la realizaci\u00f3n de contrataciones en car\u00e1cter de temporales de colaboradores para atender esta necesidad puntual, requiriendo contrataciones de una cantidad considerable de colaboradores.<\/p><p>Nuestro servicio de Reclutamiento a Gran Escala entiende perfectamente las necesidades del mercado laboral, su movilidad y la atenci\u00f3n inmediata cuando las cargas extraordinarias de trabajo en las empresas se incrementan. La apertura de nuevas sucursales o proyectos espec\u00edficos son un claro ejemplo donde se pueden requerir de contrataciones a gran escala.<\/p><p>Nuestro servicio de reclutamiento a gran escala ofrece:<\/p><ul><li>Reclutamientos masivos por Sector Industrial<\/li><li>Cobertura a nivel Nacional<\/li><li>Puestos especializados por disciplina acorde a las necesidades del cliente<\/li><li>Investigaci\u00f3n de referencias laborales previas de cada candidato<\/li><li>Tiempos de respuesta inmediatos<\/li><li>Bolsa interna de trabajo para cubrimientos inmediatos<\/li><\/ul><\/div>\n\t\t\t\t<\/div>\n\t\t\t\t\t\t\t\t<\/div>\n\t\t\t\t\t\t<\/div>\n\t\t\t\t<\/div>\n\t\t\t\t\t<\/div>\n\t\t<\/div>\n\t\t\t\t\t<\/div>\n\t\t<\/section>\n\t\t\t\t<\/div>\n\t\t","protected":false},"excerpt":{"rendered":"<p>Otros Servicios Servicios y Tr\u00e1mites Migratorios Job Solutions se encarga de los requisitos legales para la estancia del personal extranjero en M\u00e9xico, y al mismo tiempo cumple con las leyes de inmigraci\u00f3n en el lugar donde se realiza el trabajo con el personal extranjero, por tanto, ofrece: Manejo de tr\u00e1mites migratorios para la estancia legal [&hellip;]<\/p>\n","protected":false},"author":1,"featured_media":0,"parent":0,"menu_order":0,"comment_status":"closed","ping_status":"closed","template":"","meta":{"footnotes":""},"class_list":["post-753","page","type-page","status-publish","hentry"],"_links":{"self":[{"href":"https:\/\/jobsolutions.com.mx\/es\/wp-json\/wp\/v2\/pages\/753","targetHints":{"allow":["GET"]}}],"collection":[{"href":"https:\/\/jobsolutions.com.mx\/es\/wp-json\/wp\/v2\/pages"}],"about":[{"href":"https:\/\/jobsolutions.com.mx\/es\/wp-json\/wp\/v2\/types\/page"}],"author":[{"embeddable":true,"href":"https:\/\/jobsolutions.com.mx\/es\/wp-json\/wp\/v2\/users\/1"}],"replies":[{"embeddable":true,"href":"https:\/\/jobsolutions.com.mx\/es\/wp-json\/wp\/v2\/comments?post=753"}],"version-history":[{"count":19,"href":"https:\/\/jobsolutions.com.mx\/es\/wp-json\/wp\/v2\/pages\/753\/revisions"}],"predecessor-version":[{"id":782,"href":"https:\/\/jobsolutions.com.mx\/es\/wp-json\/wp\/v2\/pages\/753\/revisions\/782"}],"wp:attachment":[{"href":"https:\/\/jobsolutions.com.mx\/es\/wp-json\/wp\/v2\/media?parent=753"}],"curies":[{"name":"wp","href":"https:\/\/api.w.org\/{rel}","templated":true}]}}